{"id":724,"date":"2010-09-15T05:33:46","date_gmt":"2010-09-15T05:33:46","guid":{"rendered":"http:\/\/elegantthemes.com\/preview\/DeepFocus\/?page_id=2"},"modified":"2022-10-18T13:57:28","modified_gmt":"2022-10-18T11:57:28","slug":"about-2","status":"publish","type":"page","link":"https:\/\/mylogivision.com\/fr\/","title":{"rendered":"Bienvenue !"},"content":{"rendered":"\n<p style=\"font-size:26px\"><em><strong>Ce site est en construction.<\/strong> Merci de votre compr\u00e9hension et \u00e0 bient\u00f4t<\/em><\/p>\n\n\n\n<p><\/p>\n\n\n\n<p><\/p>\n\n\n\n<p class=\"has-medium-font-size\"><\/p>\n\n\n\n<p style=\"font-size:26px\"><\/p>\n\n\n\n<p class=\"has-medium-font-size\"><\/p>\n\n\n\n<p><\/p>\n","protected":false},"excerpt":{"rendered":"<p>Ce site est en construction. Merci de votre compr\u00e9hension et \u00e0 bient\u00f4t<\/p>\n","protected":false},"author":1,"featured_media":0,"parent":0,"menu_order":0,"comment_status":"open","ping_status":"open","template":"","meta":{"footnotes":""},"class_list":["post-724","page","type-page","status-publish"],"jetpack_sharing_enabled":true,"_links":{"self":[{"href":"https:\/\/mylogivision.com\/fr\/wp-json\/wp\/v2\/pages\/724","targetHints":{"allow":["GET"]}}],"collection":[{"href":"https:\/\/mylogivision.com\/fr\/wp-json\/wp\/v2\/pages"}],"about":[{"href":"https:\/\/mylogivision.com\/fr\/wp-json\/wp\/v2\/types\/page"}],"author":[{"embeddable":true,"href":"https:\/\/mylogivision.com\/fr\/wp-json\/wp\/v2\/users\/1"}],"replies":[{"embeddable":true,"href":"https:\/\/mylogivision.com\/fr\/wp-json\/wp\/v2\/comments?post=724"}],"version-history":[{"count":23,"href":"https:\/\/mylogivision.com\/fr\/wp-json\/wp\/v2\/pages\/724\/revisions"}],"predecessor-version":[{"id":1577,"href":"https:\/\/mylogivision.com\/fr\/wp-json\/wp\/v2\/pages\/724\/revisions\/1577"}],"wp:attachment":[{"href":"https:\/\/mylogivision.com\/fr\/wp-json\/wp\/v2\/media?parent=724"}],"curies":[{"name":"wp","href":"https:\/\/api.w.org\/{rel}","templated":true}]}}